{"id":69,"date":"2026-03-23T10:19:44","date_gmt":"2026-03-23T10:19:44","guid":{"rendered":"http:\/\/puertasmetalicasjoaquin.com\/?page_id=69"},"modified":"2026-04-09T10:09:21","modified_gmt":"2026-04-09T08:09:21","slug":"contacto","status":"publish","type":"page","link":"http:\/\/puertasmetalicasjoaquin.com\/ca\/contacto\/","title":{"rendered":"Contacte"},"content":{"rendered":"<p class=\"post-main-area wow fadeIn\" style=\"padding-right:var(--wp--preset--spacing--80);padding-left:var(--wp--preset--spacing--80)\">Tens alguna pregunta, suggeriment o necessites m\u00e9s informaci\u00f3? El nostre equip de contacte \u00e9s aqu\u00ed per a ajudar-te.<\/p>\n\n\n\n<p class=\"post-main-area wow fadeIn\" style=\"padding-right:var(--wp--preset--spacing--80);padding-left:var(--wp--preset--spacing--80)\">Pots posar-te en <strong>contacte <\/strong>amb nosaltres utilitzant qualsevol dels mitjans que t'indiquem a continuaci\u00f3. El nostre equip estar\u00e0 encantat d'atendre't al m\u00e9s aviat possible.<\/p>\n\n\n\n<p class=\"post-main-area wow fadeIn\" style=\"padding-right:var(--wp--preset--spacing--80);padding-left:var(--wp--preset--spacing--80)\">Email: <strong>pmj@puertasmetalicasjoaquin.com<\/strong><br>Tel\u00e8fon: <strong>93 468 08 54<\/strong> <strong>&#8211; 607 43 21 91<\/strong><br>Adre\u00e7a: <strong>C\/ Milton, 26 Santa Coloma de Gramenet 08924 \u2013 Barcelona<\/strong><\/p>\n\n\n\n<p class=\"post-main-area wow fadeIn\" style=\"padding-right:var(--wp--preset--spacing--80);padding-left:var(--wp--preset--spacing--80)\"><strong>Obert de dilluns a divendres, de 8:00 a 20:00.<\/strong><\/p>\n\n\n\n<div class=\"wp-block-group is-layout-constrained wp-container-core-group-is-layout-caa2d89a wp-block-group-is-layout-constrained\" style=\"padding-right:var(--wp--preset--spacing--80);padding-left:var(--wp--preset--spacing--80)\">\n<iframe src=\"https:\/\/www.google.com\/maps\/embed?pb=!1m14!1m8!1m3!1d11959.753295835459!2d2.2032840000000005!3d41.462253!3m2!1i1024!2i768!4f13.1!3m3!1m2!1s0x12a4bc5fcead7b45%3A0xdf6457b396babb92!2sPuertas%20Met%C3%A1licas%20Joaqu%C3%ADn!5e0!3m2!1ses!2sus!4v1774434684252!5m2!1ses!2sus\" width=\"600\" height=\"450\" style=\"border:0;\" allowfullscreen=\"\" loading=\"lazy\" referrerpolicy=\"no-referrer-when-downgrade\"><\/iframe>\n<\/div>\n\n\n\n<p><\/p>","protected":false},"excerpt":{"rendered":"<p>\u00bfTienes alguna pregunta, sugerencia o necesitas m\u00e1s informaci\u00f3n? Nuestro equipo de contacto est\u00e1 aqu\u00ed para ayudarte. Puedes ponerte en contacto con nosotros utilizando cualquiera de los medios que te indicamos a continuaci\u00f3n. Nuestro equipo estar\u00e1 encantado de atenderte lo antes posible. Email: pmj@puertasmetalicasjoaquin.comTel\u00e9fono: 93 468 08 54 &#8211; 607 43 21 91Direcci\u00f3n: C\/ Milton, 26 [&hellip;]<\/p>\n","protected":false},"author":1,"featured_media":0,"parent":0,"menu_order":0,"comment_status":"closed","ping_status":"closed","template":"","meta":{"footnotes":""},"class_list":["post-69","page","type-page","status-publish","hentry"],"yoast_head":"<!-- This site is optimized with the Yoast SEO plugin v27.3 - https:\/\/yoast.com\/product\/yoast-seo-wordpress\/ -->\n<title>Contacto - PUERTAS MET\u00c1LICAS JOAQU\u00cdN<\/title>\n<meta name=\"description\" content=\"P\u00e1gina de Contacto: env\u00edanos tus consultas, comentarios o solicitudes y nuestro equipo te responder\u00e1 r\u00e1pidamente.\" \/>\n<meta name=\"robots\" content=\"noindex, follow, max-snippet:-1, max-image-preview:large, max-video-preview:-1\" \/>\n<meta property=\"og:locale\" content=\"ca_ES\" \/>\n<meta property=\"og:type\" content=\"article\" \/>\n<meta property=\"og:title\" content=\"Contacto - PUERTAS MET\u00c1LICAS JOAQU\u00cdN\" \/>\n<meta property=\"og:description\" content=\"P\u00e1gina de Contacto: env\u00edanos tus consultas, comentarios o solicitudes y nuestro equipo te responder\u00e1 r\u00e1pidamente.\" \/>\n<meta property=\"og:url\" content=\"https:\/\/puertasmetalicasjoaquin.com\/ca\/contacto\/\" \/>\n<meta property=\"og:site_name\" content=\"PUERTAS MET\u00c1LICAS JOAQU\u00cdN\" \/>\n<meta property=\"article:modified_time\" content=\"2026-04-09T08:09:21+00:00\" \/>\n<meta name=\"twitter:card\" content=\"summary_large_image\" \/>\n<meta name=\"twitter:label1\" content=\"Temps estimat de lectura\" \/>\n\t<meta name=\"twitter:data1\" content=\"1 minut\" \/>\n<script type=\"application\/ld+json\" class=\"yoast-schema-graph\">{\"@context\":\"https:\\\/\\\/schema.org\",\"@graph\":[{\"@type\":\"WebPage\",\"@id\":\"https:\\\/\\\/puertasmetalicasjoaquin.com\\\/contacto\\\/\",\"url\":\"https:\\\/\\\/puertasmetalicasjoaquin.com\\\/contacto\\\/\",\"name\":\"Contacto - PUERTAS MET\u00c1LICAS JOAQU\u00cdN\",\"isPartOf\":{\"@id\":\"https:\\\/\\\/puertasmetalicasjoaquin.com\\\/#website\"},\"datePublished\":\"2026-03-23T10:19:44+00:00\",\"dateModified\":\"2026-04-09T08:09:21+00:00\",\"description\":\"P\u00e1gina de Contacto: env\u00edanos tus consultas, comentarios o solicitudes y nuestro equipo te responder\u00e1 r\u00e1pidamente.\",\"breadcrumb\":{\"@id\":\"https:\\\/\\\/puertasmetalicasjoaquin.com\\\/contacto\\\/#breadcrumb\"},\"inLanguage\":\"ca\",\"potentialAction\":[{\"@type\":\"ReadAction\",\"target\":[\"https:\\\/\\\/puertasmetalicasjoaquin.com\\\/contacto\\\/\"]}]},{\"@type\":\"BreadcrumbList\",\"@id\":\"https:\\\/\\\/puertasmetalicasjoaquin.com\\\/contacto\\\/#breadcrumb\",\"itemListElement\":[{\"@type\":\"ListItem\",\"position\":1,\"name\":\"Portada\",\"item\":\"https:\\\/\\\/puertasmetalicasjoaquin.com\\\/\"},{\"@type\":\"ListItem\",\"position\":2,\"name\":\"Contacto\"}]},{\"@type\":\"WebSite\",\"@id\":\"https:\\\/\\\/puertasmetalicasjoaquin.com\\\/#website\",\"url\":\"https:\\\/\\\/puertasmetalicasjoaquin.com\\\/\",\"name\":\"PUERTAS METALICAS JOAQUIN\",\"description\":\"\",\"publisher\":{\"@id\":\"https:\\\/\\\/puertasmetalicasjoaquin.com\\\/#organization\"},\"potentialAction\":[{\"@type\":\"SearchAction\",\"target\":{\"@type\":\"EntryPoint\",\"urlTemplate\":\"https:\\\/\\\/puertasmetalicasjoaquin.com\\\/?s={search_term_string}\"},\"query-input\":{\"@type\":\"PropertyValueSpecification\",\"valueRequired\":true,\"valueName\":\"search_term_string\"}}],\"inLanguage\":\"ca\"},{\"@type\":\"Organization\",\"@id\":\"https:\\\/\\\/puertasmetalicasjoaquin.com\\\/#organization\",\"name\":\"PUERTAS METALICAS JOAQUIN\",\"url\":\"https:\\\/\\\/puertasmetalicasjoaquin.com\\\/\",\"logo\":{\"@type\":\"ImageObject\",\"inLanguage\":\"ca\",\"@id\":\"https:\\\/\\\/puertasmetalicasjoaquin.com\\\/#\\\/schema\\\/logo\\\/image\\\/\",\"url\":\"http:\\\/\\\/puertasmetalicasjoaquin.com\\\/wp-content\\\/uploads\\\/2026\\\/03\\\/logo-4.png\",\"contentUrl\":\"http:\\\/\\\/puertasmetalicasjoaquin.com\\\/wp-content\\\/uploads\\\/2026\\\/03\\\/logo-4.png\",\"width\":700,\"height\":111,\"caption\":\"PUERTAS METALICAS JOAQUIN\"},\"image\":{\"@id\":\"https:\\\/\\\/puertasmetalicasjoaquin.com\\\/#\\\/schema\\\/logo\\\/image\\\/\"}}]}<\/script>\n<!-- \/ Yoast SEO plugin. -->","yoast_head_json":{"title":"Contacto - PUERTAS MET\u00c1LICAS JOAQU\u00cdN","description":"P\u00e1gina de Contacto: env\u00edanos tus consultas, comentarios o solicitudes y nuestro equipo te responder\u00e1 r\u00e1pidamente.","robots":{"index":"noindex","follow":"follow","max-snippet":"max-snippet:-1","max-image-preview":"max-image-preview:large","max-video-preview":"max-video-preview:-1"},"og_locale":"ca_ES","og_type":"article","og_title":"Contacto - PUERTAS MET\u00c1LICAS JOAQU\u00cdN","og_description":"P\u00e1gina de Contacto: env\u00edanos tus consultas, comentarios o solicitudes y nuestro equipo te responder\u00e1 r\u00e1pidamente.","og_url":"https:\/\/puertasmetalicasjoaquin.com\/ca\/contacto\/","og_site_name":"PUERTAS MET\u00c1LICAS JOAQU\u00cdN","article_modified_time":"2026-04-09T08:09:21+00:00","twitter_card":"summary_large_image","twitter_misc":{"Temps estimat de lectura":"1 minut"},"schema":{"@context":"https:\/\/schema.org","@graph":[{"@type":"WebPage","@id":"https:\/\/puertasmetalicasjoaquin.com\/contacto\/","url":"https:\/\/puertasmetalicasjoaquin.com\/contacto\/","name":"Contacto - PUERTAS MET\u00c1LICAS JOAQU\u00cdN","isPartOf":{"@id":"https:\/\/puertasmetalicasjoaquin.com\/#website"},"datePublished":"2026-03-23T10:19:44+00:00","dateModified":"2026-04-09T08:09:21+00:00","description":"P\u00e1gina de Contacto: env\u00edanos tus consultas, comentarios o solicitudes y nuestro equipo te responder\u00e1 r\u00e1pidamente.","breadcrumb":{"@id":"https:\/\/puertasmetalicasjoaquin.com\/contacto\/#breadcrumb"},"inLanguage":"ca","potentialAction":[{"@type":"ReadAction","target":["https:\/\/puertasmetalicasjoaquin.com\/contacto\/"]}]},{"@type":"BreadcrumbList","@id":"https:\/\/puertasmetalicasjoaquin.com\/contacto\/#breadcrumb","itemListElement":[{"@type":"ListItem","position":1,"name":"Portada","item":"https:\/\/puertasmetalicasjoaquin.com\/"},{"@type":"ListItem","position":2,"name":"Contacto"}]},{"@type":"WebSite","@id":"https:\/\/puertasmetalicasjoaquin.com\/#website","url":"https:\/\/puertasmetalicasjoaquin.com\/","name":"PUERTAS METALICAS JOAQUIN","description":"","publisher":{"@id":"https:\/\/puertasmetalicasjoaquin.com\/#organization"},"potentialAction":[{"@type":"SearchAction","target":{"@type":"EntryPoint","urlTemplate":"https:\/\/puertasmetalicasjoaquin.com\/?s={search_term_string}"},"query-input":{"@type":"PropertyValueSpecification","valueRequired":true,"valueName":"search_term_string"}}],"inLanguage":"ca"},{"@type":"Organization","@id":"https:\/\/puertasmetalicasjoaquin.com\/#organization","name":"PUERTAS METALICAS JOAQUIN","url":"https:\/\/puertasmetalicasjoaquin.com\/","logo":{"@type":"ImageObject","inLanguage":"ca","@id":"https:\/\/puertasmetalicasjoaquin.com\/#\/schema\/logo\/image\/","url":"http:\/\/puertasmetalicasjoaquin.com\/wp-content\/uploads\/2026\/03\/logo-4.png","contentUrl":"http:\/\/puertasmetalicasjoaquin.com\/wp-content\/uploads\/2026\/03\/logo-4.png","width":700,"height":111,"caption":"PUERTAS METALICAS JOAQUIN"},"image":{"@id":"https:\/\/puertasmetalicasjoaquin.com\/#\/schema\/logo\/image\/"}}]}},"_links":{"self":[{"href":"http:\/\/puertasmetalicasjoaquin.com\/ca\/wp-json\/wp\/v2\/pages\/69","targetHints":{"allow":["GET"]}}],"collection":[{"href":"http:\/\/puertasmetalicasjoaquin.com\/ca\/wp-json\/wp\/v2\/pages"}],"about":[{"href":"http:\/\/puertasmetalicasjoaquin.com\/ca\/wp-json\/wp\/v2\/types\/page"}],"author":[{"embeddable":true,"href":"http:\/\/puertasmetalicasjoaquin.com\/ca\/wp-json\/wp\/v2\/users\/1"}],"replies":[{"embeddable":true,"href":"http:\/\/puertasmetalicasjoaquin.com\/ca\/wp-json\/wp\/v2\/comments?post=69"}],"version-history":[{"count":16,"href":"http:\/\/puertasmetalicasjoaquin.com\/ca\/wp-json\/wp\/v2\/pages\/69\/revisions"}],"predecessor-version":[{"id":912,"href":"http:\/\/puertasmetalicasjoaquin.com\/ca\/wp-json\/wp\/v2\/pages\/69\/revisions\/912"}],"wp:attachment":[{"href":"http:\/\/puertasmetalicasjoaquin.com\/ca\/wp-json\/wp\/v2\/media?parent=69"}],"curies":[{"name":"wp","href":"https:\/\/api.w.org\/{rel}","templated":true}]}}