{"id":119,"date":"2026-03-23T10:21:15","date_gmt":"2026-03-23T10:21:15","guid":{"rendered":"http:\/\/puertasmetalicasjoaquin.com\/?page_id=119"},"modified":"2026-04-09T10:10:07","modified_gmt":"2026-04-09T08:10:07","slug":"ofertas-y-promociones","status":"publish","type":"page","link":"http:\/\/puertasmetalicasjoaquin.com\/ca\/ofertas-y-promociones\/","title":{"rendered":"Ofertes i promocions"},"content":{"rendered":"<p class=\"has-text-align-left post-main-area wow fadeIn\" style=\"margin-right:var(--wp--preset--spacing--80);margin-left:var(--wp--preset--spacing--80)\">Descobreix les nostres <strong>ofertes i<\/strong> <strong>promocions<\/strong> exclusives d'aquesta temporada i aprofita <strong>DESCOMPTES \u00daNICS<\/strong> en tots els nostres productes.<\/p>\n\n\n\n<div class=\"wp-block-columns post-main-area wow bounceInRight is-layout-flex wp-container-core-columns-is-layout-28f84493 wp-block-columns-is-layout-flex\">\n<div class=\"wp-block-column is-vertically-aligned-center is-layout-flow wp-block-column-is-layout-flow\">\n<div class=\"wp-block-group is-vertical is-content-justification-center is-layout-flex wp-container-core-group-is-layout-ce155fab wp-block-group-is-layout-flex\">\n<figure class=\"wp-block-image size-full\"><img loading=\"lazy\" decoding=\"async\" width=\"555\" height=\"300\" src=\"http:\/\/puertasmetalicasjoaquin.com\/wp-content\/uploads\/2026\/03\/motor-persiana-automatica-badalona.jpg\" alt=\"ofertas-y-promociones-motor\" class=\"wp-image-120\" srcset=\"https:\/\/puertasmetalicasjoaquin.com\/wp-content\/uploads\/2026\/03\/motor-persiana-automatica-badalona.jpg 555w, https:\/\/puertasmetalicasjoaquin.com\/wp-content\/uploads\/2026\/03\/motor-persiana-automatica-badalona-300x162.jpg 300w, https:\/\/puertasmetalicasjoaquin.com\/wp-content\/uploads\/2026\/03\/motor-persiana-automatica-badalona-18x10.jpg 18w\" sizes=\"auto, (max-width: 555px) 100vw, 555px\" \/><\/figure>\n\n\n\n<p class=\"has-text-align-center has-regular-font-size\" style=\"margin-right:var(--wp--preset--spacing--80);margin-left:var(--wp--preset--spacing--80)\"><strong>EN COL\u00b7LOCACI\u00d3 DE MOTOR PERSIANA ENROTLLABLE ( COD OF D-17 ) FINS A UN 15% DE DESCOMPTE!<\/strong><\/p>\n<\/div>\n<\/div>\n\n\n\n<div class=\"wp-block-column is-layout-flow wp-block-column-is-layout-flow\">\n<div class=\"wp-block-group is-vertical is-content-justification-center is-layout-flex wp-container-core-group-is-layout-b6c1f246 wp-block-group-is-layout-flex\">\n<figure class=\"wp-block-image size-full\"><img loading=\"lazy\" decoding=\"async\" width=\"555\" height=\"300\" src=\"http:\/\/puertasmetalicasjoaquin.com\/wp-content\/uploads\/2026\/03\/puertas-automaticas-santa-coloma-de-gramenet-17.jpg\" alt=\"ofertas-y-promociones-puertas\" class=\"wp-image-122\" srcset=\"https:\/\/puertasmetalicasjoaquin.com\/wp-content\/uploads\/2026\/03\/puertas-automaticas-santa-coloma-de-gramenet-17.jpg 555w, https:\/\/puertasmetalicasjoaquin.com\/wp-content\/uploads\/2026\/03\/puertas-automaticas-santa-coloma-de-gramenet-17-300x162.jpg 300w, https:\/\/puertasmetalicasjoaquin.com\/wp-content\/uploads\/2026\/03\/puertas-automaticas-santa-coloma-de-gramenet-17-18x10.jpg 18w\" sizes=\"auto, (max-width: 555px) 100vw, 555px\" \/><\/figure>\n\n\n\n<p class=\"has-text-align-center has-regular-font-size\" style=\"margin-right:var(--wp--preset--spacing--80);margin-left:var(--wp--preset--spacing--80)\"><strong>PORTES AUTOM\u00c0TIQUES DE QUALITAT DE FABRICACI\u00d3 PR\u00d2PIA A BARCELONA I VOLTANTS!<\/strong><\/p>\n<\/div>\n<\/div>\n<\/div>","protected":false},"excerpt":{"rendered":"<p>Descubre nuestras ofertas y promociones exclusivas de esta temporada y aprovecha DESCUENTOS \u00daNICOS en todos nuestros productos. \u00a1EN COLOCACI\u00d3N DE MOTOR PERSIANA ENROLLABLE ( COD OF D-17 ) HASTA UN 15% DE DESCUENTO! \u00a1PUERTAS AUTOM\u00c1TICAS DE CALIDAD DE FABRICACI\u00d3N PROPIA EN BARCELONA Y ALREDEDORES!<\/p>","protected":false},"author":1,"featured_media":0,"parent":0,"menu_order":0,"comment_status":"closed","ping_status":"closed","template":"","meta":{"footnotes":""},"class_list":["post-119","page","type-page","status-publish","hentry"],"yoast_head":"<!-- This site is optimized with the Yoast SEO plugin v27.3 - https:\/\/yoast.com\/product\/yoast-seo-wordpress\/ -->\n<title>Ofertas y Promociones - PUERTAS MET\u00c1LICAS JOAQU\u00cdN<\/title>\n<meta name=\"description\" content=\"Descubre nuestras promociones exclusivas y ofertas especiales. Aprovecha descuentos \u00fanicos en productos seleccionados.\" \/>\n<meta name=\"robots\" content=\"noindex, follow, max-snippet:-1, max-image-preview:large, max-video-preview:-1\" \/>\n<meta property=\"og:locale\" content=\"ca_ES\" \/>\n<meta property=\"og:type\" content=\"article\" \/>\n<meta property=\"og:title\" content=\"Ofertas y Promociones - PUERTAS MET\u00c1LICAS JOAQU\u00cdN\" \/>\n<meta property=\"og:description\" content=\"Descubre nuestras promociones exclusivas y ofertas especiales. Aprovecha descuentos \u00fanicos en productos seleccionados.\" \/>\n<meta property=\"og:url\" content=\"https:\/\/puertasmetalicasjoaquin.com\/ca\/ofertas-y-promociones\/\" \/>\n<meta property=\"og:site_name\" content=\"PUERTAS MET\u00c1LICAS JOAQU\u00cdN\" \/>\n<meta property=\"article:modified_time\" content=\"2026-04-09T08:10:07+00:00\" \/>\n<meta property=\"og:image\" content=\"http:\/\/puertasmetalicasjoaquin.com\/wp-content\/uploads\/2026\/03\/motor-persiana-automatica-badalona.jpg\" \/>\n<meta name=\"twitter:card\" content=\"summary_large_image\" \/>\n<meta name=\"twitter:label1\" content=\"Temps estimat de lectura\" \/>\n\t<meta name=\"twitter:data1\" content=\"1 minut\" \/>\n<script type=\"application\/ld+json\" class=\"yoast-schema-graph\">{\"@context\":\"https:\\\/\\\/schema.org\",\"@graph\":[{\"@type\":\"WebPage\",\"@id\":\"https:\\\/\\\/puertasmetalicasjoaquin.com\\\/ofertas-y-promociones\\\/\",\"url\":\"https:\\\/\\\/puertasmetalicasjoaquin.com\\\/ofertas-y-promociones\\\/\",\"name\":\"Ofertas y Promociones - PUERTAS MET\u00c1LICAS JOAQU\u00cdN\",\"isPartOf\":{\"@id\":\"https:\\\/\\\/puertasmetalicasjoaquin.com\\\/#website\"},\"primaryImageOfPage\":{\"@id\":\"https:\\\/\\\/puertasmetalicasjoaquin.com\\\/ofertas-y-promociones\\\/#primaryimage\"},\"image\":{\"@id\":\"https:\\\/\\\/puertasmetalicasjoaquin.com\\\/ofertas-y-promociones\\\/#primaryimage\"},\"thumbnailUrl\":\"http:\\\/\\\/puertasmetalicasjoaquin.com\\\/wp-content\\\/uploads\\\/2026\\\/03\\\/motor-persiana-automatica-badalona.jpg\",\"datePublished\":\"2026-03-23T10:21:15+00:00\",\"dateModified\":\"2026-04-09T08:10:07+00:00\",\"description\":\"Descubre nuestras promociones exclusivas y ofertas especiales. Aprovecha descuentos \u00fanicos en productos seleccionados.\",\"breadcrumb\":{\"@id\":\"https:\\\/\\\/puertasmetalicasjoaquin.com\\\/ofertas-y-promociones\\\/#breadcrumb\"},\"inLanguage\":\"ca\",\"potentialAction\":[{\"@type\":\"ReadAction\",\"target\":[\"https:\\\/\\\/puertasmetalicasjoaquin.com\\\/ofertas-y-promociones\\\/\"]}]},{\"@type\":\"ImageObject\",\"inLanguage\":\"ca\",\"@id\":\"https:\\\/\\\/puertasmetalicasjoaquin.com\\\/ofertas-y-promociones\\\/#primaryimage\",\"url\":\"http:\\\/\\\/puertasmetalicasjoaquin.com\\\/wp-content\\\/uploads\\\/2026\\\/03\\\/motor-persiana-automatica-badalona.jpg\",\"contentUrl\":\"http:\\\/\\\/puertasmetalicasjoaquin.com\\\/wp-content\\\/uploads\\\/2026\\\/03\\\/motor-persiana-automatica-badalona.jpg\"},{\"@type\":\"BreadcrumbList\",\"@id\":\"https:\\\/\\\/puertasmetalicasjoaquin.com\\\/ofertas-y-promociones\\\/#breadcrumb\",\"itemListElement\":[{\"@type\":\"ListItem\",\"position\":1,\"name\":\"Portada\",\"item\":\"https:\\\/\\\/puertasmetalicasjoaquin.com\\\/\"},{\"@type\":\"ListItem\",\"position\":2,\"name\":\"Ofertas y Promociones\"}]},{\"@type\":\"WebSite\",\"@id\":\"https:\\\/\\\/puertasmetalicasjoaquin.com\\\/#website\",\"url\":\"https:\\\/\\\/puertasmetalicasjoaquin.com\\\/\",\"name\":\"PUERTAS METALICAS JOAQUIN\",\"description\":\"\",\"publisher\":{\"@id\":\"https:\\\/\\\/puertasmetalicasjoaquin.com\\\/#organization\"},\"potentialAction\":[{\"@type\":\"SearchAction\",\"target\":{\"@type\":\"EntryPoint\",\"urlTemplate\":\"https:\\\/\\\/puertasmetalicasjoaquin.com\\\/?s={search_term_string}\"},\"query-input\":{\"@type\":\"PropertyValueSpecification\",\"valueRequired\":true,\"valueName\":\"search_term_string\"}}],\"inLanguage\":\"ca\"},{\"@type\":\"Organization\",\"@id\":\"https:\\\/\\\/puertasmetalicasjoaquin.com\\\/#organization\",\"name\":\"PUERTAS METALICAS JOAQUIN\",\"url\":\"https:\\\/\\\/puertasmetalicasjoaquin.com\\\/\",\"logo\":{\"@type\":\"ImageObject\",\"inLanguage\":\"ca\",\"@id\":\"https:\\\/\\\/puertasmetalicasjoaquin.com\\\/#\\\/schema\\\/logo\\\/image\\\/\",\"url\":\"http:\\\/\\\/puertasmetalicasjoaquin.com\\\/wp-content\\\/uploads\\\/2026\\\/03\\\/logo-4.png\",\"contentUrl\":\"http:\\\/\\\/puertasmetalicasjoaquin.com\\\/wp-content\\\/uploads\\\/2026\\\/03\\\/logo-4.png\",\"width\":700,\"height\":111,\"caption\":\"PUERTAS METALICAS JOAQUIN\"},\"image\":{\"@id\":\"https:\\\/\\\/puertasmetalicasjoaquin.com\\\/#\\\/schema\\\/logo\\\/image\\\/\"}}]}<\/script>\n<!-- \/ Yoast SEO plugin. -->","yoast_head_json":{"title":"Ofertas y Promociones - PUERTAS MET\u00c1LICAS JOAQU\u00cdN","description":"Descubre nuestras promociones exclusivas y ofertas especiales. Aprovecha descuentos \u00fanicos en productos seleccionados.","robots":{"index":"noindex","follow":"follow","max-snippet":"max-snippet:-1","max-image-preview":"max-image-preview:large","max-video-preview":"max-video-preview:-1"},"og_locale":"ca_ES","og_type":"article","og_title":"Ofertas y Promociones - PUERTAS MET\u00c1LICAS JOAQU\u00cdN","og_description":"Descubre nuestras promociones exclusivas y ofertas especiales. Aprovecha descuentos \u00fanicos en productos seleccionados.","og_url":"https:\/\/puertasmetalicasjoaquin.com\/ca\/ofertas-y-promociones\/","og_site_name":"PUERTAS MET\u00c1LICAS JOAQU\u00cdN","article_modified_time":"2026-04-09T08:10:07+00:00","og_image":[{"url":"http:\/\/puertasmetalicasjoaquin.com\/wp-content\/uploads\/2026\/03\/motor-persiana-automatica-badalona.jpg","type":"","width":"","height":""}],"twitter_card":"summary_large_image","twitter_misc":{"Temps estimat de lectura":"1 minut"},"schema":{"@context":"https:\/\/schema.org","@graph":[{"@type":"WebPage","@id":"https:\/\/puertasmetalicasjoaquin.com\/ofertas-y-promociones\/","url":"https:\/\/puertasmetalicasjoaquin.com\/ofertas-y-promociones\/","name":"Ofertas y Promociones - PUERTAS MET\u00c1LICAS JOAQU\u00cdN","isPartOf":{"@id":"https:\/\/puertasmetalicasjoaquin.com\/#website"},"primaryImageOfPage":{"@id":"https:\/\/puertasmetalicasjoaquin.com\/ofertas-y-promociones\/#primaryimage"},"image":{"@id":"https:\/\/puertasmetalicasjoaquin.com\/ofertas-y-promociones\/#primaryimage"},"thumbnailUrl":"http:\/\/puertasmetalicasjoaquin.com\/wp-content\/uploads\/2026\/03\/motor-persiana-automatica-badalona.jpg","datePublished":"2026-03-23T10:21:15+00:00","dateModified":"2026-04-09T08:10:07+00:00","description":"Descubre nuestras promociones exclusivas y ofertas especiales. Aprovecha descuentos \u00fanicos en productos seleccionados.","breadcrumb":{"@id":"https:\/\/puertasmetalicasjoaquin.com\/ofertas-y-promociones\/#breadcrumb"},"inLanguage":"ca","potentialAction":[{"@type":"ReadAction","target":["https:\/\/puertasmetalicasjoaquin.com\/ofertas-y-promociones\/"]}]},{"@type":"ImageObject","inLanguage":"ca","@id":"https:\/\/puertasmetalicasjoaquin.com\/ofertas-y-promociones\/#primaryimage","url":"http:\/\/puertasmetalicasjoaquin.com\/wp-content\/uploads\/2026\/03\/motor-persiana-automatica-badalona.jpg","contentUrl":"http:\/\/puertasmetalicasjoaquin.com\/wp-content\/uploads\/2026\/03\/motor-persiana-automatica-badalona.jpg"},{"@type":"BreadcrumbList","@id":"https:\/\/puertasmetalicasjoaquin.com\/ofertas-y-promociones\/#breadcrumb","itemListElement":[{"@type":"ListItem","position":1,"name":"Portada","item":"https:\/\/puertasmetalicasjoaquin.com\/"},{"@type":"ListItem","position":2,"name":"Ofertas y Promociones"}]},{"@type":"WebSite","@id":"https:\/\/puertasmetalicasjoaquin.com\/#website","url":"https:\/\/puertasmetalicasjoaquin.com\/","name":"PUERTAS METALICAS JOAQUIN","description":"","publisher":{"@id":"https:\/\/puertasmetalicasjoaquin.com\/#organization"},"potentialAction":[{"@type":"SearchAction","target":{"@type":"EntryPoint","urlTemplate":"https:\/\/puertasmetalicasjoaquin.com\/?s={search_term_string}"},"query-input":{"@type":"PropertyValueSpecification","valueRequired":true,"valueName":"search_term_string"}}],"inLanguage":"ca"},{"@type":"Organization","@id":"https:\/\/puertasmetalicasjoaquin.com\/#organization","name":"PUERTAS METALICAS JOAQUIN","url":"https:\/\/puertasmetalicasjoaquin.com\/","logo":{"@type":"ImageObject","inLanguage":"ca","@id":"https:\/\/puertasmetalicasjoaquin.com\/#\/schema\/logo\/image\/","url":"http:\/\/puertasmetalicasjoaquin.com\/wp-content\/uploads\/2026\/03\/logo-4.png","contentUrl":"http:\/\/puertasmetalicasjoaquin.com\/wp-content\/uploads\/2026\/03\/logo-4.png","width":700,"height":111,"caption":"PUERTAS METALICAS JOAQUIN"},"image":{"@id":"https:\/\/puertasmetalicasjoaquin.com\/#\/schema\/logo\/image\/"}}]}},"_links":{"self":[{"href":"http:\/\/puertasmetalicasjoaquin.com\/ca\/wp-json\/wp\/v2\/pages\/119","targetHints":{"allow":["GET"]}}],"collection":[{"href":"http:\/\/puertasmetalicasjoaquin.com\/ca\/wp-json\/wp\/v2\/pages"}],"about":[{"href":"http:\/\/puertasmetalicasjoaquin.com\/ca\/wp-json\/wp\/v2\/types\/page"}],"author":[{"embeddable":true,"href":"http:\/\/puertasmetalicasjoaquin.com\/ca\/wp-json\/wp\/v2\/users\/1"}],"replies":[{"embeddable":true,"href":"http:\/\/puertasmetalicasjoaquin.com\/ca\/wp-json\/wp\/v2\/comments?post=119"}],"version-history":[{"count":45,"href":"http:\/\/puertasmetalicasjoaquin.com\/ca\/wp-json\/wp\/v2\/pages\/119\/revisions"}],"predecessor-version":[{"id":913,"href":"http:\/\/puertasmetalicasjoaquin.com\/ca\/wp-json\/wp\/v2\/pages\/119\/revisions\/913"}],"wp:attachment":[{"href":"http:\/\/puertasmetalicasjoaquin.com\/ca\/wp-json\/wp\/v2\/media?parent=119"}],"curies":[{"name":"wp","href":"https:\/\/api.w.org\/{rel}","templated":true}]}}